{"id":674,"date":"2023-12-08T11:50:09","date_gmt":"2023-12-08T11:50:09","guid":{"rendered":"http:\/\/dev.mabastide.de\/emplacement\/"},"modified":"2026-02-04T10:36:48","modified_gmt":"2026-02-04T10:36:48","slug":"emplacement","status":"publish","type":"page","link":"https:\/\/mabastide.de\/fr\/emplacement\/","title":{"rendered":"Emplacement"},"content":{"rendered":"<div id='full_slider_1'  class='avia-fullwidth-slider main_color avia-shadow   avia-builder-el-0  el_before_av_section  avia-builder-el-first   container_wrap fullsize'  >\n<style type=\"text\/css\" data-created_by=\"avia_inline_auto\" id=\"style-css-av-lqggbgww-12e757d899246106d7e857b0bee9dbb8\">\n#top #wrap_all .avia-slideshow .av-slideshow-caption.av-lqggbgww-12e757d899246106d7e857b0bee9dbb8__0 .avia-caption-title{\nfont-size:70px;\ncolor:#e8e8e8;\n}\n<\/style>\n<div  class='avia-slideshow av-lqggbgww-12e757d899246106d7e857b0bee9dbb8 avia-slideshow-featured av_slideshow_full avia-slide-slider av-slideshow-ui av-control-hidden av-no-slider-navigation av-hide-nav-arrows av-slideshow-manual av-loop-once av-loop-manual-endless av-default-height-applied   avia-slideshow-1' data-slideshow-options=\"{&quot;animation&quot;:&quot;slide&quot;,&quot;autoplay&quot;:false,&quot;loop_autoplay&quot;:&quot;once&quot;,&quot;interval&quot;:5,&quot;loop_manual&quot;:&quot;manual-endless&quot;,&quot;autoplay_stopper&quot;:false,&quot;noNavigation&quot;:true,&quot;bg_slider&quot;:false,&quot;keep_padding&quot;:false,&quot;hoverpause&quot;:false,&quot;show_slide_delay&quot;:0}\"  itemprop=\"image\" itemscope=\"itemscope\" itemtype=\"https:\/\/schema.org\/ImageObject\" ><ul class='avia-slideshow-inner ' style='padding-bottom: 28.666666666667%;'><li  class='avia-slideshow-slide av-lqggbgww-12e757d899246106d7e857b0bee9dbb8__0  av-single-slide slide-1 slide-odd'><div data-rel='slideshow-1' class='avia-slide-wrap '   ><img decoding=\"async\" fetchpriority=\"high\" class=\"wp-image-226 avia-img-lazy-loading-not-226\"  src=\"https:\/\/mabastide.de\/wp-content\/uploads\/2023\/12\/Die-lage.jpg\" width=\"1500\" height=\"430\" title='Die lage' alt=''  itemprop=\"thumbnailUrl\" srcset=\"https:\/\/mabastide.de\/wp-content\/uploads\/2023\/12\/Die-lage.jpg 1500w, https:\/\/mabastide.de\/wp-content\/uploads\/2023\/12\/Die-lage-300x86.jpg 300w, https:\/\/mabastide.de\/wp-content\/uploads\/2023\/12\/Die-lage-1030x295.jpg 1030w, https:\/\/mabastide.de\/wp-content\/uploads\/2023\/12\/Die-lage-768x220.jpg 768w, https:\/\/mabastide.de\/wp-content\/uploads\/2023\/12\/Die-lage-705x202.jpg 705w\" sizes=\"(max-width: 1500px) 100vw, 1500px\" \/><\/div><\/li><\/ul><\/div><\/div>\n<div id='av_section_1'  class='avia-section av-20nwo-2ee2de4fc567c59284439132f4658a40 main_color avia-section-default avia-no-border-styling  avia-builder-el-1  el_after_av_slideshow_full  el_before_av_section  avia-bg-style-scroll container_wrap fullsize'  ><div class='container av-section-cont-open' ><div class='template-page content  av-content-full alpha units'><div class='post-entry post-entry-type-page post-entry-674'><div class='entry-content-wrapper clearfix'>\n\n<style type=\"text\/css\" data-created_by=\"avia_inline_auto\" id=\"style-css-av-5oy8-f092004db51667d4ba2264dd287edb99\">\n.flex_column.av-5oy8-f092004db51667d4ba2264dd287edb99{\npadding:20px 20px 0 20px;\n}\n<\/style>\n<div  class='flex_column av-5oy8-f092004db51667d4ba2264dd287edb99 av_one_full  avia-builder-el-2  avia-builder-el-no-sibling  first flex_column_div  '     ><section  class='av_textblock_section av-lq27ya7b-3116768ad6af459765fb49fa308fe34e '   itemscope=\"itemscope\" itemtype=\"https:\/\/schema.org\/CreativeWork\" ><div class='avia_textblock'  itemprop=\"text\" ><h1 style=\"text-align: center;\">L&#8217;emplacement<\/h1>\n<p style=\"text-align: center;\">Bienvenue dans l&rsquo;arri\u00e8re-pays de la C\u00f4te d&rsquo;Azur, C\u00f4tes de Provence.<br \/>\nNotre maison est situ\u00e9e au pied de la ville m\u00e9di\u00e9vale Les Arcs sur Argens, dans l&rsquo;arri\u00e8re-pays de Sainte-Maxime et Saint-Tropez. La ville des Arcs est plus que mill\u00e9naire et vaut vraiment le d\u00e9tour avec ses vieux b\u00e2timents pittoresques et sa place du march\u00e9. Elle est entour\u00e9e de magnifiques vignes et d&rsquo;oliviers.<\/p>\n<p style=\"text-align: center;\">Depuis notre maison, vous pouvez rejoindre Cannes, Saint-Tropez, Nice, Fr\u00e9jus et Sainte-Maxime en moins d&rsquo;une heure. \u00c0 environ une demi-heure au sud, vous trouverez une magnifique plage id\u00e9ale pour les familles, avec de bonnes possibilit\u00e9s de stationnement. Si vous vous dirigez vers le nord, vous vous trouverez au milieu de champs de lavande qui fleurissent de juin \u00e0 ao\u00fbt. es lacs bleus comme le lac de Saint-Cassien vous invitent \u00e0 une baignade rafra\u00eechissante pendant les chauds mois d&rsquo;\u00e9t\u00e9. La ville de Draguignan et de jolis villages comme Lorgues, Figani\u00e8res et Tourtour m\u00e9ritent \u00e9galement une visite. Tous les jours de la semaine, des march\u00e9s fermiers sont organis\u00e9s, o\u00f9 vous pouvez trouver des fruits et l\u00e9gumes frais, du miel et d&rsquo;autres produits locaux. De plus, un magnifique march\u00e9 aux puces a lieu le samedi aux Arcs.<\/p>\n<p style=\"text-align: center;\">Profitez de la vue magnifique sur les vignobles de Sainte-Roseline. Les c\u00e9l\u00e8bres ch\u00e2teaux de Sainte-Roseline et de Berne ne sont qu&rsquo;\u00e0 quelques minutes. La plupart des domaines viticoles proposent des d\u00e9gustations de vin. Le circuit populaire \u00e0 v\u00e9lo \u00e0 travers les vignobles &lsquo;Vigne \u00e0 V\u00e9lo&rsquo; commence directement devant notre maison. Les vignobles sont ouverts toute l&rsquo;ann\u00e9e.<\/p>\n<\/div><\/section><\/div>\n\n<\/div><\/div><\/div><!-- close content main div --><\/div><\/div>\n<style type=\"text\/css\" data-created_by=\"avia_inline_auto\" id=\"style-css-av-lq6iewq5-0cd5a40c342e9f8bc5a67d8ae68a4a41\">\n.avia-section.av-lq6iewq5-0cd5a40c342e9f8bc5a67d8ae68a4a41{\nbackground-repeat:no-repeat;\nbackground-image:url(https:\/\/mabastide.de\/wp-content\/uploads\/2023\/12\/Lage.jpg);\nbackground-position:50% 100%;\nbackground-attachment:fixed;\n}\n<\/style>\n<div id='av_section_2'  class='avia-section av-lq6iewq5-0cd5a40c342e9f8bc5a67d8ae68a4a41 alternate_color avia-section-default avia-no-border-styling  avia-builder-el-4  el_after_av_section  el_before_av_section  avia-full-stretch avia-bg-style-fixed av-minimum-height av-minimum-height-50 av-height-50  container_wrap fullsize'  data-section-bg-repeat='stretch' data-av_minimum_height_pc='50' data-av_min_height_opt='50'><div class='container av-section-cont-open' ><div class='template-page content  av-content-full alpha units'><div class='post-entry post-entry-type-page post-entry-674'><div class='entry-content-wrapper clearfix'>\n<\/div><\/div><\/div><!-- close content main div --><\/div><\/div><div id='av_section_3'  class='avia-section av-1nhws-ebc1804b995806cea2e75470720f2ffc main_color avia-section-default avia-no-border-styling  avia-builder-el-5  el_after_av_section  el_before_av_section  avia-bg-style-scroll container_wrap fullsize'  ><div class='container av-section-cont-open' ><div class='template-page content  av-content-full alpha units'><div class='post-entry post-entry-type-page post-entry-674'><div class='entry-content-wrapper clearfix'>\n\n<style type=\"text\/css\" data-created_by=\"avia_inline_auto\" id=\"style-css-av-p2hc-a4d5f85b0191c95622270663c4f0cd9c\">\n.flex_column.av-p2hc-a4d5f85b0191c95622270663c4f0cd9c{\npadding:20px 20px 0 20px;\n}\n<\/style>\n<div  class='flex_column av-p2hc-a4d5f85b0191c95622270663c4f0cd9c av_one_full  avia-builder-el-6  avia-builder-el-no-sibling  first flex_column_div  '     ><section  class='av_textblock_section av-lqxsl9pu-5be09c23cc69dd5d571ed81058eff5f4 '   itemscope=\"itemscope\" itemtype=\"https:\/\/schema.org\/CreativeWork\" ><div class='avia_textblock'  itemprop=\"text\" ><h2 style=\"text-align: center;\">Distance aux villes<\/h2>\n<p style=\"text-align: center;\"><strong>Fr\u00e9jus Plage<\/strong> 27km \/ 25min en voiture<\/p>\n<p style=\"text-align: center;\"><strong>Saint-Tropez<\/strong> 43km \/ 45 min de trajet<\/p>\n<p style=\"text-align: center;\"><strong>Lac de St. Cassien<\/strong> 50km \/ 50 min de trajet<\/p>\n<p style=\"text-align: center;\"><strong>Cannes<\/strong> 58km \/ 45 min de trajet<\/p>\n<p style=\"text-align: center;\"><strong>Mougins<\/strong> 59km \/ 39min de trajet<\/p>\n<p style=\"text-align: center;\"><strong>Hy\u00e8res<\/strong> 68km \/ 48 min de trajet<\/p>\n<p style=\"text-align: center;\"><strong>Grasse<\/strong> 69km \/ 49min de trajet<\/p>\n<p style=\"text-align: center;\"><strong>Les Gorges du Verdon<\/strong> 78km \/ 1h 26 min de trajet<\/p>\n<p style=\"text-align: center;\"><strong>Valensole<\/strong> 83km \/ 1h 25 min de trajet<\/p>\n<p style=\"text-align: center;\"><strong>Nice<\/strong> 84km \/ 60 min de trajet<\/p>\n<p style=\"text-align: center;\"><strong>Aix-en-Provence<\/strong> 95km \/ 60 min de trajet<\/p>\n<\/div><\/section><\/div>\n\n<\/div><\/div><\/div><!-- close content main div --><\/div><\/div><div id='anfahrt'  class='avia-section av-10etc-5f18f035e76adf3e3b4dae1cf048f1a9 main_color avia-section-default avia-no-border-styling  avia-builder-el-8  el_after_av_section  el_before_av_slideshow_full  avia-bg-style-scroll container_wrap fullsize'  ><div class='container av-section-cont-open' ><div class='template-page content  av-content-full alpha units'><div class='post-entry post-entry-type-page post-entry-674'><div class='entry-content-wrapper clearfix'>\n<section  class='av_textblock_section av-lqxsf0o2-28e046c5f8bccc46486c855622cae8c3 '   itemscope=\"itemscope\" itemtype=\"https:\/\/schema.org\/CreativeWork\" ><div class='avia_textblock'  itemprop=\"text\" ><h2 style=\"text-align: center;\">Comment s&rsquo;y rendre<\/h2>\n<\/div><\/section>\n\n<style type=\"text\/css\" data-created_by=\"avia_inline_auto\" id=\"style-css-av-13czk-7734985de1b40664101db26849342a6a\">\n#top .flex_column.av-13czk-7734985de1b40664101db26849342a6a{\nmargin-top:0px;\nmargin-bottom:0px;\n}\n.responsive #top #wrap_all .flex_column.av-13czk-7734985de1b40664101db26849342a6a{\nmargin-top:0px;\nmargin-bottom:0px;\n}\n<\/style>\n<div  class='flex_column av-13czk-7734985de1b40664101db26849342a6a av_one_half  avia-builder-el-10  el_after_av_textblock  el_before_av_one_half  first flex_column_div  column-top-margin'     ><section  class='av_textblock_section av-lqxsfevf-aa62bb0fbe9c0f88834d80953b87e51a '   itemscope=\"itemscope\" itemtype=\"https:\/\/schema.org\/CreativeWork\" ><div class='avia_textblock'  itemprop=\"text\" ><p style=\"text-align: left;\"><strong>Par avion<\/strong><br \/>\nL&rsquo;a\u00e9roport le plus proche est celui de Nice. Avec une voiture de location, notre maison de vacances est accessible en moins d&rsquo;une heure.<\/p>\n<p style=\"text-align: left;\"><strong>En train<\/strong><br \/>\nSi vous souhaitez venir en train, la gare TGV la plus proche est celle des Arcs.<\/p>\n<\/div><\/section><\/div>\n<style type=\"text\/css\" data-created_by=\"avia_inline_auto\" id=\"style-css-av-13zts-abc60d4eba11196fad82c0aca44594c3\">\n#top .flex_column.av-13zts-abc60d4eba11196fad82c0aca44594c3{\nmargin-top:0px;\nmargin-bottom:0px;\n}\n.responsive #top #wrap_all .flex_column.av-13zts-abc60d4eba11196fad82c0aca44594c3{\nmargin-top:0px;\nmargin-bottom:0px;\n}\n<\/style>\n<div  class='flex_column av-13zts-abc60d4eba11196fad82c0aca44594c3 av_one_half  avia-builder-el-12  el_after_av_one_half  avia-builder-el-last  flex_column_div  column-top-margin'     ><section  class='av_textblock_section av-lqghmnvi-1201eb9247d736eae7ce2993e2acbb36 '   itemscope=\"itemscope\" itemtype=\"https:\/\/schema.org\/CreativeWork\" ><div class='avia_textblock'  itemprop=\"text\" ><p style=\"text-align: left;\"><strong>Autoroute<\/strong><br \/>\nSi vous arrivez en voiture, prenez l&rsquo;A8 \u00e0 la sortie 36 en direction de Saint-Tropez. Apr\u00e8s le p\u00e9age, continuez tout droit en passant le rond-point sur la D1555. Suivez le trac\u00e9 de la route. Au troisi\u00e8me rond-point, prenez la troisi\u00e8me sortie en direction de Sainte-Roseline (D91). Suivez le trac\u00e9 de la route. Sur votre droite, vous passez devant le Ch\u00e2teau Sainte-Roseline. Apr\u00e8s quelques minutes, notre maison se trouve sur la droite au num\u00e9ro 747c. Si vous voyez notre panneau \u00ab\u00a0La Bastide\u00a0\u00bb, vous \u00eates au bon endroit.<\/p>\n<\/div><\/section><\/div>\n\n<\/div><\/div><\/div><!-- close content main div --><\/div><\/div><div id='full_slider_2'  class='avia-fullwidth-slider main_color avia-shadow   avia-builder-el-14  el_after_av_section  avia-builder-el-last   slider-not-first container_wrap fullsize'  ><div  class='avia-slideshow av-ml7w7l8h-00efda969d0f9abf473541840f11ab4e avia-slideshow-no scaling av_slideshow_full avia-slide-slider av-slideshow-ui av-control-hidden av-no-slider-navigation av-hide-nav-arrows av-slideshow-manual av-loop-once av-loop-manual-endless av-default-height-applied   avia-slideshow-2' data-slideshow-options=\"{&quot;animation&quot;:&quot;slide&quot;,&quot;autoplay&quot;:false,&quot;loop_autoplay&quot;:&quot;once&quot;,&quot;interval&quot;:5,&quot;loop_manual&quot;:&quot;manual-endless&quot;,&quot;autoplay_stopper&quot;:false,&quot;noNavigation&quot;:true,&quot;bg_slider&quot;:false,&quot;keep_padding&quot;:false,&quot;hoverpause&quot;:false,&quot;show_slide_delay&quot;:0}\"  itemprop=\"image\" itemscope=\"itemscope\" itemtype=\"https:\/\/schema.org\/ImageObject\" ><ul class='avia-slideshow-inner ' style='padding-bottom: 53.545232273839%;'><li  class='avia-slideshow-slide av-ml7w7l8h-00efda969d0f9abf473541840f11ab4e__0  av-single-slide slide-1 slide-odd'><a href=\"https:\/\/www.google.com\/maps\/place\/747c+Rte+de+Sainte-Roseline,+83460+Les+Arcs,+Frankreich\/@43.4618329,6.4956281,17z\/data=!3m1!4b1!4m6!3m5!1s0x12ceae05f1037b83:0xaf80fa64edaf392e!8m2!3d43.4618329!4d6.498203!16s%2Fg%2F11t6gwqq17?entry=ttu&amp;g_ep=EgoyMDI2MDIwMS4wIKXMDSoKLDEwMDc5MjA2N0gBUAM%3D\"  target=\"_blank\"  rel=\"noopener noreferrer\" data-rel='slideshow-2' class='avia-slide-wrap '   ><img decoding=\"async\" fetchpriority=\"high\" class=\"wp-image-1123 avia-img-lazy-loading-not-1123\"  src=\"https:\/\/mabastide.de\/wp-content\/uploads\/2026\/02\/Kartenauschnitt-labastide-1.png\" width=\"1227\" height=\"657\" title='Kartenauschnitt labastide' alt=''  itemprop=\"thumbnailUrl\" srcset=\"https:\/\/mabastide.de\/wp-content\/uploads\/2026\/02\/Kartenauschnitt-labastide-1.png 1227w, https:\/\/mabastide.de\/wp-content\/uploads\/2026\/02\/Kartenauschnitt-labastide-1-300x161.png 300w, https:\/\/mabastide.de\/wp-content\/uploads\/2026\/02\/Kartenauschnitt-labastide-1-1030x552.png 1030w, https:\/\/mabastide.de\/wp-content\/uploads\/2026\/02\/Kartenauschnitt-labastide-1-768x411.png 768w, https:\/\/mabastide.de\/wp-content\/uploads\/2026\/02\/Kartenauschnitt-labastide-1-705x377.png 705w\" sizes=\"(max-width: 1227px) 100vw, 1227px\" \/><\/a><\/li><\/ul><\/div><\/div>\n","protected":false},"excerpt":{"rendered":"","protected":false},"author":1,"featured_media":0,"parent":0,"menu_order":0,"comment_status":"closed","ping_status":"closed","template":"","meta":{"footnotes":""},"class_list":["post-674","page","type-page","status-publish","hentry"],"yoast_head":"<!-- This site is optimized with the Yoast SEO plugin v26.9 - https:\/\/yoast.com\/product\/yoast-seo-wordpress\/ -->\n<title>Emplacement - La Bastide<\/title>\n<meta name=\"robots\" content=\"index, follow, max-snippet:-1, max-image-preview:large, max-video-preview:-1\" \/>\n<link rel=\"canonical\" href=\"https:\/\/mabastide.de\/fr\/emplacement\/\" \/>\n<meta property=\"og:locale\" content=\"fr_FR\" \/>\n<meta property=\"og:type\" content=\"article\" \/>\n<meta property=\"og:title\" content=\"Emplacement - La Bastide\" \/>\n<meta property=\"og:url\" content=\"https:\/\/mabastide.de\/fr\/emplacement\/\" \/>\n<meta property=\"og:site_name\" content=\"La Bastide\" \/>\n<meta property=\"article:modified_time\" content=\"2026-02-04T10:36:48+00:00\" \/>\n<meta name=\"twitter:card\" content=\"summary_large_image\" \/>\n<meta name=\"twitter:label1\" content=\"Dur\u00e9e de lecture estim\u00e9e\" \/>\n\t<meta name=\"twitter:data1\" content=\"4 minutes\" \/>\n<script type=\"application\/ld+json\" class=\"yoast-schema-graph\">{\"@context\":\"https:\/\/schema.org\",\"@graph\":[{\"@type\":\"WebPage\",\"@id\":\"https:\/\/mabastide.de\/fr\/emplacement\/\",\"url\":\"https:\/\/mabastide.de\/fr\/emplacement\/\",\"name\":\"Emplacement - La Bastide\",\"isPartOf\":{\"@id\":\"https:\/\/mabastide.de\/fr\/#website\"},\"datePublished\":\"2023-12-08T11:50:09+00:00\",\"dateModified\":\"2026-02-04T10:36:48+00:00\",\"breadcrumb\":{\"@id\":\"https:\/\/mabastide.de\/fr\/emplacement\/#breadcrumb\"},\"inLanguage\":\"fr-FR\",\"potentialAction\":[{\"@type\":\"ReadAction\",\"target\":[\"https:\/\/mabastide.de\/fr\/emplacement\/\"]}]},{\"@type\":\"BreadcrumbList\",\"@id\":\"https:\/\/mabastide.de\/fr\/emplacement\/#breadcrumb\",\"itemListElement\":[{\"@type\":\"ListItem\",\"position\":1,\"name\":\"Startseite\",\"item\":\"https:\/\/mabastide.de\/fr\/start\/\"},{\"@type\":\"ListItem\",\"position\":2,\"name\":\"Emplacement\"}]},{\"@type\":\"WebSite\",\"@id\":\"https:\/\/mabastide.de\/fr\/#website\",\"url\":\"https:\/\/mabastide.de\/fr\/\",\"name\":\"La Bastide Ferienhaus Frankreich\",\"description\":\"Farmhaus Frankreich\",\"publisher\":{\"@id\":\"https:\/\/mabastide.de\/fr\/#organization\"},\"potentialAction\":[{\"@type\":\"SearchAction\",\"target\":{\"@type\":\"EntryPoint\",\"urlTemplate\":\"https:\/\/mabastide.de\/fr\/?s={search_term_string}\"},\"query-input\":{\"@type\":\"PropertyValueSpecification\",\"valueRequired\":true,\"valueName\":\"search_term_string\"}}],\"inLanguage\":\"fr-FR\"},{\"@type\":\"Organization\",\"@id\":\"https:\/\/mabastide.de\/fr\/#organization\",\"name\":\"La Bastide\",\"url\":\"https:\/\/mabastide.de\/fr\/\",\"logo\":{\"@type\":\"ImageObject\",\"inLanguage\":\"fr-FR\",\"@id\":\"https:\/\/mabastide.de\/fr\/#\/schema\/logo\/image\/\",\"url\":\"https:\/\/mabastide.de\/wp-content\/uploads\/2023\/12\/Logo-1.png\",\"contentUrl\":\"https:\/\/mabastide.de\/wp-content\/uploads\/2023\/12\/Logo-1.png\",\"width\":500,\"height\":500,\"caption\":\"La Bastide\"},\"image\":{\"@id\":\"https:\/\/mabastide.de\/fr\/#\/schema\/logo\/image\/\"},\"sameAs\":[\"https:\/\/www.instagram.com\/ma.bastide\/\"]}]}<\/script>\n<!-- \/ Yoast SEO plugin. -->","yoast_head_json":{"title":"Emplacement - La Bastide","robots":{"index":"index","follow":"follow","max-snippet":"max-snippet:-1","max-image-preview":"max-image-preview:large","max-video-preview":"max-video-preview:-1"},"canonical":"https:\/\/mabastide.de\/fr\/emplacement\/","og_locale":"fr_FR","og_type":"article","og_title":"Emplacement - La Bastide","og_url":"https:\/\/mabastide.de\/fr\/emplacement\/","og_site_name":"La Bastide","article_modified_time":"2026-02-04T10:36:48+00:00","twitter_card":"summary_large_image","twitter_misc":{"Dur\u00e9e de lecture estim\u00e9e":"4 minutes"},"schema":{"@context":"https:\/\/schema.org","@graph":[{"@type":"WebPage","@id":"https:\/\/mabastide.de\/fr\/emplacement\/","url":"https:\/\/mabastide.de\/fr\/emplacement\/","name":"Emplacement - La Bastide","isPartOf":{"@id":"https:\/\/mabastide.de\/fr\/#website"},"datePublished":"2023-12-08T11:50:09+00:00","dateModified":"2026-02-04T10:36:48+00:00","breadcrumb":{"@id":"https:\/\/mabastide.de\/fr\/emplacement\/#breadcrumb"},"inLanguage":"fr-FR","potentialAction":[{"@type":"ReadAction","target":["https:\/\/mabastide.de\/fr\/emplacement\/"]}]},{"@type":"BreadcrumbList","@id":"https:\/\/mabastide.de\/fr\/emplacement\/#breadcrumb","itemListElement":[{"@type":"ListItem","position":1,"name":"Startseite","item":"https:\/\/mabastide.de\/fr\/start\/"},{"@type":"ListItem","position":2,"name":"Emplacement"}]},{"@type":"WebSite","@id":"https:\/\/mabastide.de\/fr\/#website","url":"https:\/\/mabastide.de\/fr\/","name":"La Bastide Ferienhaus Frankreich","description":"Farmhaus Frankreich","publisher":{"@id":"https:\/\/mabastide.de\/fr\/#organization"},"potentialAction":[{"@type":"SearchAction","target":{"@type":"EntryPoint","urlTemplate":"https:\/\/mabastide.de\/fr\/?s={search_term_string}"},"query-input":{"@type":"PropertyValueSpecification","valueRequired":true,"valueName":"search_term_string"}}],"inLanguage":"fr-FR"},{"@type":"Organization","@id":"https:\/\/mabastide.de\/fr\/#organization","name":"La Bastide","url":"https:\/\/mabastide.de\/fr\/","logo":{"@type":"ImageObject","inLanguage":"fr-FR","@id":"https:\/\/mabastide.de\/fr\/#\/schema\/logo\/image\/","url":"https:\/\/mabastide.de\/wp-content\/uploads\/2023\/12\/Logo-1.png","contentUrl":"https:\/\/mabastide.de\/wp-content\/uploads\/2023\/12\/Logo-1.png","width":500,"height":500,"caption":"La Bastide"},"image":{"@id":"https:\/\/mabastide.de\/fr\/#\/schema\/logo\/image\/"},"sameAs":["https:\/\/www.instagram.com\/ma.bastide\/"]}]}},"_links":{"self":[{"href":"https:\/\/mabastide.de\/fr\/wp-json\/wp\/v2\/pages\/674","targetHints":{"allow":["GET"]}}],"collection":[{"href":"https:\/\/mabastide.de\/fr\/wp-json\/wp\/v2\/pages"}],"about":[{"href":"https:\/\/mabastide.de\/fr\/wp-json\/wp\/v2\/types\/page"}],"author":[{"embeddable":true,"href":"https:\/\/mabastide.de\/fr\/wp-json\/wp\/v2\/users\/1"}],"replies":[{"embeddable":true,"href":"https:\/\/mabastide.de\/fr\/wp-json\/wp\/v2\/comments?post=674"}],"version-history":[{"count":5,"href":"https:\/\/mabastide.de\/fr\/wp-json\/wp\/v2\/pages\/674\/revisions"}],"predecessor-version":[{"id":1126,"href":"https:\/\/mabastide.de\/fr\/wp-json\/wp\/v2\/pages\/674\/revisions\/1126"}],"wp:attachment":[{"href":"https:\/\/mabastide.de\/fr\/wp-json\/wp\/v2\/media?parent=674"}],"curies":[{"name":"wp","href":"https:\/\/api.w.org\/{rel}","templated":true}]}}