{"id":668,"date":"2023-12-12T11:48:26","date_gmt":"2023-12-12T11:48:26","guid":{"rendered":"http:\/\/dev.mabastide.de\/endroit\/"},"modified":"2024-01-06T10:53:04","modified_gmt":"2024-01-06T10:53:04","slug":"endroit","status":"publish","type":"page","link":"https:\/\/mabastide.de\/fr\/endroit\/","title":{"rendered":"Endroit"},"content":{"rendered":"<div id='full_slider_1'  class='avia-fullwidth-slider main_color avia-shadow   avia-builder-el-0  el_before_av_section  avia-builder-el-first   container_wrap fullsize'  >\n<style type=\"text\/css\" data-created_by=\"avia_inline_auto\" id=\"style-css-av-lq2a1g1e-864c2de6564075c36b1e6a592250b42a\">\n#top #wrap_all .avia-slideshow .av-slideshow-caption.av-lq2a1g1e-864c2de6564075c36b1e6a592250b42a__0 .avia-caption-title{\nfont-size:70px;\ncolor:#e8e8e8;\n}\n<\/style>\n<div  class='avia-slideshow av-lq2a1g1e-864c2de6564075c36b1e6a592250b42a avia-slideshow-featured av_slideshow_full avia-slide-slider av-slideshow-ui av-control-hidden av-no-slider-navigation av-hide-nav-arrows av-slideshow-manual av-loop-once av-loop-manual-endless av-default-height-applied   avia-slideshow-1' data-slideshow-options=\"{&quot;animation&quot;:&quot;slide&quot;,&quot;autoplay&quot;:false,&quot;loop_autoplay&quot;:&quot;once&quot;,&quot;interval&quot;:5,&quot;loop_manual&quot;:&quot;manual-endless&quot;,&quot;autoplay_stopper&quot;:false,&quot;noNavigation&quot;:true,&quot;bg_slider&quot;:false,&quot;keep_padding&quot;:false,&quot;hoverpause&quot;:false,&quot;show_slide_delay&quot;:0}\"  itemprop=\"image\" itemscope=\"itemscope\" itemtype=\"https:\/\/schema.org\/ImageObject\" ><ul class='avia-slideshow-inner ' style='padding-bottom: 28.666666666667%;'><li  class='avia-slideshow-slide av-lq2a1g1e-864c2de6564075c36b1e6a592250b42a__0  av-single-slide slide-1 slide-odd'><div data-rel='slideshow-1' class='avia-slide-wrap '   ><img decoding=\"async\" fetchpriority=\"high\" class=\"wp-image-228 avia-img-lazy-loading-not-228\"  src=\"https:\/\/mabastide.de\/wp-content\/uploads\/2023\/12\/aktivitaeten.jpg\" width=\"1500\" height=\"430\" title='aktivit\u00e4ten' alt=''  itemprop=\"thumbnailUrl\" srcset=\"https:\/\/mabastide.de\/wp-content\/uploads\/2023\/12\/aktivitaeten.jpg 1500w, https:\/\/mabastide.de\/wp-content\/uploads\/2023\/12\/aktivitaeten-300x86.jpg 300w, https:\/\/mabastide.de\/wp-content\/uploads\/2023\/12\/aktivitaeten-1030x295.jpg 1030w, https:\/\/mabastide.de\/wp-content\/uploads\/2023\/12\/aktivitaeten-768x220.jpg 768w, https:\/\/mabastide.de\/wp-content\/uploads\/2023\/12\/aktivitaeten-705x202.jpg 705w\" sizes=\"(max-width: 1500px) 100vw, 1500px\" \/><\/div><\/li><\/ul><\/div><\/div>\n<div id='av_section_1'  class='avia-section av-ks5qw-d11fb2bc28238572ab247c2b271d4b2e main_color avia-section-default avia-no-border-styling  avia-builder-el-1  el_after_av_slideshow_full  el_before_av_section  avia-bg-style-scroll container_wrap fullsize'  ><div class='container av-section-cont-open' ><div class='template-page content  av-content-full alpha units'><div class='post-entry post-entry-type-page post-entry-668'><div class='entry-content-wrapper clearfix'>\n\n<style type=\"text\/css\" data-created_by=\"avia_inline_auto\" id=\"style-css-av-lqghq7n4-a0ae237d19138c906fbcf100f8dc8d11\">\n.flex_column.av-lqghq7n4-a0ae237d19138c906fbcf100f8dc8d11{\npadding:20px 20px 0 20px;\n}\n<\/style>\n<div  class='flex_column av-lqghq7n4-a0ae237d19138c906fbcf100f8dc8d11 av_one_full  avia-builder-el-2  avia-builder-el-no-sibling  first flex_column_div  '     ><section  class='av_textblock_section av-lq2a2da5-2938de11a192b7d5f55f29174f18911d '   itemscope=\"itemscope\" itemtype=\"https:\/\/schema.org\/CreativeWork\" ><div class='avia_textblock'  itemprop=\"text\" ><h1 style=\"text-align: center;\">Endroit<\/h1>\n<p style=\"text-align: center;\">La lumi\u00e8re du sud de la France va vous enchanter. Les herbes sauvages comme le romarin et le thym poussent en abondance. D\u00e9tendez-vous sous nos vieux oliviers et m\u00fbriers. Nous avons \u00e9galement de nombreux figuiers dans notre jardin, qui produisent de d\u00e9licieuses figues en \u00e9t\u00e9. Vous pouvez vous baigner dans notre piscine priv\u00e9e et \u00e0 l&rsquo;abri des regards. Nous avons de nombreux parasols qui donnent de l&rsquo;ombre et des chaises longues sur lesquelles vous pouvez vous d\u00e9tendre. C&rsquo;est l&rsquo;endroit id\u00e9al pour s&rsquo;\u00e9vader du quotidien. Vous pouvez \u00e9galement vous promener dans les vignobles environnants et profiter du calme et de la beaut\u00e9 du paysage.<\/p>\n<\/div><\/section><br \/>\n<section  class='av_textblock_section av-lq2a42iy-8e4d981b02de99f5bb4e460fa2817138 '   itemscope=\"itemscope\" itemtype=\"https:\/\/schema.org\/CreativeWork\" ><div class='avia_textblock'  itemprop=\"text\" ><p style=\"text-align: center;\">Plusieurs \u00e9curies se trouvent \u00e0 proximit\u00e9 si vous souhaitez faire une promenade \u00e0 cheval. Nous nous ferons un plaisir de vous mettre en contact avec les propri\u00e9taires. Vous pouvez \u00e9galement louer un v\u00e9lo et vous le faire livrer \u00e0 la maison. La fameuse piste cyclable \u00e0 travers les vignobles, &lsquo;La Vigne \u00e0 V\u00e9lo&rsquo;, commence juste devant la maison.<\/p>\n<p style=\"text-align: center;\">\n<\/div><\/section><\/p><\/div><\/div><\/div><\/div><!-- close content main div --><\/div><\/div>\n<style type=\"text\/css\" data-created_by=\"avia_inline_auto\" id=\"style-css-av-lq6ibdlj-fb15492649222c27807fe5ceb272f828\">\n.avia-section.av-lq6ibdlj-fb15492649222c27807fe5ceb272f828{\nbackground-repeat:no-repeat;\nbackground-image:url(https:\/\/mabastide.de\/wp-content\/uploads\/2024\/01\/Marktbild.jpg);\nbackground-position:50% 50%;\nbackground-attachment:fixed;\n}\n<\/style>\n<div id='av_section_2'  class='avia-section av-lq6ibdlj-fb15492649222c27807fe5ceb272f828 alternate_color avia-section-default avia-no-border-styling  avia-builder-el-5  el_after_av_section  el_before_av_one_full  avia-full-stretch avia-bg-style-fixed av-minimum-height av-minimum-height-50 av-height-50  container_wrap fullsize'  data-section-bg-repeat='stretch' data-av_minimum_height_pc='50' data-av_min_height_opt='50'><div class='container av-section-cont-open' ><div class='template-page content  av-content-full alpha units'><div class='post-entry post-entry-type-page post-entry-668'><div class='entry-content-wrapper clearfix'><\/div><\/div><\/div><!-- close content main div --><\/div><\/div><div id='after_section_2'  class='main_color av_default_container_wrap container_wrap fullsize'  ><div class='container av-section-cont-open' ><div class='template-page content  av-content-full alpha units'><div class='post-entry post-entry-type-page post-entry-668'><div class='entry-content-wrapper clearfix'><\/p>\n\n<style type=\"text\/css\" data-created_by=\"avia_inline_auto\" id=\"style-css-av-7l0t4-bfeec75dc6f0f044c1375bb17dd79560\">\n.flex_column.av-7l0t4-bfeec75dc6f0f044c1375bb17dd79560{\npadding:20px 20px 0 20px;\n}\n<\/style>\n<div  class='flex_column av-7l0t4-bfeec75dc6f0f044c1375bb17dd79560 av_one_full  avia-builder-el-6  el_after_av_section  el_before_av_section  avia-builder-el-no-sibling  first flex_column_div  '     ><section  class='av_textblock_section av-lqgl30ta-c0bd2a5966745669393804c71d97f0a4 '   itemscope=\"itemscope\" itemtype=\"https:\/\/schema.org\/CreativeWork\" ><div class='avia_textblock'  itemprop=\"text\" ><p style=\"text-align: center;\"><span data-sheets-root=\"1\" data-sheets-value=\"{\" data-sheets-userformat=\"{\">Chaque jour, il y a un <a href=\"#bauernmarkt\">march\u00e9 fermier<\/a> dans un des villages voisins. Le samedi, il y a un grand march\u00e9 aux puces \u00e0 2 minutes de notre maison, qui vaut le d\u00e9tour. On y trouve de tout, des meubles anciens aux ustensiles de cuisine, en passant par les jouets et les curiosit\u00e9s. <\/span><span data-sheets-root=\"1\" data-sheets-value=\"{\" data-sheets-userformat=\"{\">Il n&rsquo;y a rien de plus agr\u00e9able que de faire un barbecue sur la terrasse. Un grand supermarch\u00e9 tr\u00e8s bien \u00e9quip\u00e9 se trouve \u00e0 5 minutes en voiture. Pendant vos vacances \u00e0 La Bastide, vous ne manquerez pas de curiosit\u00e9s.<\/span><\/p>\n<p style=\"text-align: center;\">\n<\/div><\/section><\/div><\/div><\/div><\/div><!-- close content main div --><\/div><\/div><div id='av_section_3'  class='avia-section av-8phlk-b8205f5d2d54cd30c3534803bab5e5f7 main_color avia-section-default avia-no-border-styling  avia-builder-el-8  el_after_av_one_full  el_before_av_section  avia-bg-style-scroll container_wrap fullsize'  ><div class='container av-section-cont-open' ><div class='template-page content  av-content-full alpha units'><div class='post-entry post-entry-type-page post-entry-668'><div class='entry-content-wrapper clearfix'>\n<section  class='av_textblock_section av-lr1pwsjr-7e671e326da6b615bcd3c47f13b34c5d '   itemscope=\"itemscope\" itemtype=\"https:\/\/schema.org\/CreativeWork\" ><div class='avia_textblock'  itemprop=\"text\" ><h2 style=\"text-align: center;\">Le sud de la France vaut le d\u00e9tour tout au long de l&rsquo;ann\u00e9e<\/h2>\n<p style=\"text-align: center;\"><strong>Avril<\/strong><br \/>\nC&rsquo;est le printemps et la terre se r\u00e9veille. Les fleurs commencent \u00e0 s&rsquo;\u00e9panouir : pivoines roses et jaunes, coquelicots rouges, glycines violettes, fleurs roses et blanches des arbres fruitiers et romarin. Le printemps est particuli\u00e8rement recommand\u00e9 pour ceux qui aiment la fra\u00eecheur. Faites une randonn\u00e9e ou explorez les pistes de VTT \u00e0 travers les domaines viticoles et les vignobles.<\/p>\n<p style=\"text-align: center;\"><strong>Mai et juin<\/strong><br \/>\nLa Provence commence \u00e0 b\u00e9n\u00e9ficier de temp\u00e9ratures chaudes jusqu&rsquo;au d\u00e9but de l&rsquo;\u00e9t\u00e9. C&rsquo;est le d\u00e9but de la saison des piscines et le moment de se d\u00e9tendre sous les m\u00fbriers en fleurs. La floraison de la lavande commence en juin.<\/p>\n<p style=\"text-align: center;\"><strong>Juin et ao\u00fbt<\/strong><br \/>\nLa lavande est en pleine floraison. Fin juillet\/d\u00e9but ao\u00fbt, la lavande est r\u00e9colt\u00e9e. Il fait chaud et ensoleill\u00e9 en Provence. D\u00e9tendez-vous sur les belles plages de Fr\u00e9jus ou prenez un bain dans le lac clair de Saint-Cassien.<\/p>\n<p style=\"text-align: center;\"><strong>Septembre et octobre<\/strong><br \/>\nPlong\u00e9e dans une lumi\u00e8re chaude et des temp\u00e9ratures agr\u00e9ables, la Provence invite les cyclistes et les amateurs de randonn\u00e9es Les vignes prennent une couleur or-orange et c&rsquo;est le temps des vendanges.<\/p>\n<p style=\"text-align: center;\">\n<\/div><\/section>\n<\/div><\/div><\/div><!-- close content main div --><\/div><\/div><div id='bauernmarkt'  class='avia-section av-lr1pymt6-94f987b1005f537b21d04d4e73b37ea7 main_color avia-section-default avia-no-border-styling  avia-builder-el-10  el_after_av_section  avia-builder-el-last  avia-bg-style-scroll container_wrap fullsize'  ><div class='container av-section-cont-open' ><div class='template-page content  av-content-full alpha units'><div class='post-entry post-entry-type-page post-entry-668'><div class='entry-content-wrapper clearfix'>\n<section  class='av_textblock_section av-lr1q1wto-434be0de5ca52c099e35f1ce495fdd9d '   itemscope=\"itemscope\" itemtype=\"https:\/\/schema.org\/CreativeWork\" ><div class='avia_textblock'  itemprop=\"text\" ><h2 style=\"text-align: center;\">Les march\u00e9s de producteurs \u00e0 proximit\u00e9<\/h2>\n<p style=\"text-align: center;\">La Provence offre une grande vari\u00e9t\u00e9 de produits et d&rsquo;artisanat d&rsquo;excellence. Les march\u00e9s fermiers des environs ont tout ; des fruits et l\u00e9gumes frais au vin, fromage, charcuterie, savons, nappes proven\u00e7ales, miel et plus encore.<\/p>\n<p style=\"text-align: center;\"><strong> Lundi<\/strong><br \/>\nFlayosc<\/p>\n<p style=\"text-align: center;\"><strong>Mardi<\/strong><br \/>\nCallas, Figani\u00e8res, Lorgues<\/p>\n<p style=\"text-align: center;\"><strong> Mercredi<\/strong><br \/>\nDraguignan, Saint-Antonin du Var, Salernes<\/p>\n<p style=\"text-align: center;\"><strong> Jeudi<\/strong><br \/>\nLes Arcs sur Argens, Bargemon, Le Muy, Draguignan<\/p>\n<p style=\"text-align: center;\"><strong> Vendredi<\/strong><br \/>\nLa Motte, Lorgues<\/p>\n<p style=\"text-align: center;\"><strong> Samedi<\/strong><br \/>\nClaviers, Draguignan, Taradeau<\/p>\n<p style=\"text-align: center;\"><strong> Dimanche<\/strong><br \/>\nAmpus, Le Mux, Salernes, Trans en Provence, Vidauban<\/p>\n<\/div><\/section>\n<\/p>\n","protected":false},"excerpt":{"rendered":"","protected":false},"author":1,"featured_media":0,"parent":0,"menu_order":0,"comment_status":"closed","ping_status":"closed","template":"","meta":{"footnotes":""},"class_list":["post-668","page","type-page","status-publish","hentry"],"yoast_head":"<!-- This site is optimized with the Yoast SEO plugin v26.9 - https:\/\/yoast.com\/product\/yoast-seo-wordpress\/ -->\n<title>Endroit - La Bastide<\/title>\n<meta name=\"robots\" content=\"index, follow, max-snippet:-1, max-image-preview:large, max-video-preview:-1\" \/>\n<link rel=\"canonical\" href=\"https:\/\/mabastide.de\/fr\/endroit\/\" \/>\n<meta property=\"og:locale\" content=\"fr_FR\" \/>\n<meta property=\"og:type\" content=\"article\" \/>\n<meta property=\"og:title\" content=\"Endroit - La Bastide\" \/>\n<meta property=\"og:url\" content=\"https:\/\/mabastide.de\/fr\/endroit\/\" \/>\n<meta property=\"og:site_name\" content=\"La Bastide\" \/>\n<meta property=\"article:modified_time\" content=\"2024-01-06T10:53:04+00:00\" \/>\n<meta name=\"twitter:card\" content=\"summary_large_image\" \/>\n<meta name=\"twitter:label1\" content=\"Dur\u00e9e de lecture estim\u00e9e\" \/>\n\t<meta name=\"twitter:data1\" content=\"18 minutes\" \/>\n<script type=\"application\/ld+json\" class=\"yoast-schema-graph\">{\"@context\":\"https:\/\/schema.org\",\"@graph\":[{\"@type\":\"WebPage\",\"@id\":\"https:\/\/mabastide.de\/fr\/endroit\/\",\"url\":\"https:\/\/mabastide.de\/fr\/endroit\/\",\"name\":\"Endroit - La Bastide\",\"isPartOf\":{\"@id\":\"https:\/\/mabastide.de\/fr\/#website\"},\"datePublished\":\"2023-12-12T11:48:26+00:00\",\"dateModified\":\"2024-01-06T10:53:04+00:00\",\"breadcrumb\":{\"@id\":\"https:\/\/mabastide.de\/fr\/endroit\/#breadcrumb\"},\"inLanguage\":\"fr-FR\",\"potentialAction\":[{\"@type\":\"ReadAction\",\"target\":[\"https:\/\/mabastide.de\/fr\/endroit\/\"]}]},{\"@type\":\"BreadcrumbList\",\"@id\":\"https:\/\/mabastide.de\/fr\/endroit\/#breadcrumb\",\"itemListElement\":[{\"@type\":\"ListItem\",\"position\":1,\"name\":\"Startseite\",\"item\":\"https:\/\/mabastide.de\/fr\/start\/\"},{\"@type\":\"ListItem\",\"position\":2,\"name\":\"Endroit\"}]},{\"@type\":\"WebSite\",\"@id\":\"https:\/\/mabastide.de\/fr\/#website\",\"url\":\"https:\/\/mabastide.de\/fr\/\",\"name\":\"La Bastide Ferienhaus Frankreich\",\"description\":\"Farmhaus Frankreich\",\"publisher\":{\"@id\":\"https:\/\/mabastide.de\/fr\/#organization\"},\"potentialAction\":[{\"@type\":\"SearchAction\",\"target\":{\"@type\":\"EntryPoint\",\"urlTemplate\":\"https:\/\/mabastide.de\/fr\/?s={search_term_string}\"},\"query-input\":{\"@type\":\"PropertyValueSpecification\",\"valueRequired\":true,\"valueName\":\"search_term_string\"}}],\"inLanguage\":\"fr-FR\"},{\"@type\":\"Organization\",\"@id\":\"https:\/\/mabastide.de\/fr\/#organization\",\"name\":\"La Bastide\",\"url\":\"https:\/\/mabastide.de\/fr\/\",\"logo\":{\"@type\":\"ImageObject\",\"inLanguage\":\"fr-FR\",\"@id\":\"https:\/\/mabastide.de\/fr\/#\/schema\/logo\/image\/\",\"url\":\"https:\/\/mabastide.de\/wp-content\/uploads\/2023\/12\/Logo-1.png\",\"contentUrl\":\"https:\/\/mabastide.de\/wp-content\/uploads\/2023\/12\/Logo-1.png\",\"width\":500,\"height\":500,\"caption\":\"La Bastide\"},\"image\":{\"@id\":\"https:\/\/mabastide.de\/fr\/#\/schema\/logo\/image\/\"},\"sameAs\":[\"https:\/\/www.instagram.com\/ma.bastide\/\"]}]}<\/script>\n<!-- \/ Yoast SEO plugin. -->","yoast_head_json":{"title":"Endroit - La Bastide","robots":{"index":"index","follow":"follow","max-snippet":"max-snippet:-1","max-image-preview":"max-image-preview:large","max-video-preview":"max-video-preview:-1"},"canonical":"https:\/\/mabastide.de\/fr\/endroit\/","og_locale":"fr_FR","og_type":"article","og_title":"Endroit - La Bastide","og_url":"https:\/\/mabastide.de\/fr\/endroit\/","og_site_name":"La Bastide","article_modified_time":"2024-01-06T10:53:04+00:00","twitter_card":"summary_large_image","twitter_misc":{"Dur\u00e9e de lecture estim\u00e9e":"18 minutes"},"schema":{"@context":"https:\/\/schema.org","@graph":[{"@type":"WebPage","@id":"https:\/\/mabastide.de\/fr\/endroit\/","url":"https:\/\/mabastide.de\/fr\/endroit\/","name":"Endroit - La Bastide","isPartOf":{"@id":"https:\/\/mabastide.de\/fr\/#website"},"datePublished":"2023-12-12T11:48:26+00:00","dateModified":"2024-01-06T10:53:04+00:00","breadcrumb":{"@id":"https:\/\/mabastide.de\/fr\/endroit\/#breadcrumb"},"inLanguage":"fr-FR","potentialAction":[{"@type":"ReadAction","target":["https:\/\/mabastide.de\/fr\/endroit\/"]}]},{"@type":"BreadcrumbList","@id":"https:\/\/mabastide.de\/fr\/endroit\/#breadcrumb","itemListElement":[{"@type":"ListItem","position":1,"name":"Startseite","item":"https:\/\/mabastide.de\/fr\/start\/"},{"@type":"ListItem","position":2,"name":"Endroit"}]},{"@type":"WebSite","@id":"https:\/\/mabastide.de\/fr\/#website","url":"https:\/\/mabastide.de\/fr\/","name":"La Bastide Ferienhaus Frankreich","description":"Farmhaus Frankreich","publisher":{"@id":"https:\/\/mabastide.de\/fr\/#organization"},"potentialAction":[{"@type":"SearchAction","target":{"@type":"EntryPoint","urlTemplate":"https:\/\/mabastide.de\/fr\/?s={search_term_string}"},"query-input":{"@type":"PropertyValueSpecification","valueRequired":true,"valueName":"search_term_string"}}],"inLanguage":"fr-FR"},{"@type":"Organization","@id":"https:\/\/mabastide.de\/fr\/#organization","name":"La Bastide","url":"https:\/\/mabastide.de\/fr\/","logo":{"@type":"ImageObject","inLanguage":"fr-FR","@id":"https:\/\/mabastide.de\/fr\/#\/schema\/logo\/image\/","url":"https:\/\/mabastide.de\/wp-content\/uploads\/2023\/12\/Logo-1.png","contentUrl":"https:\/\/mabastide.de\/wp-content\/uploads\/2023\/12\/Logo-1.png","width":500,"height":500,"caption":"La Bastide"},"image":{"@id":"https:\/\/mabastide.de\/fr\/#\/schema\/logo\/image\/"},"sameAs":["https:\/\/www.instagram.com\/ma.bastide\/"]}]}},"_links":{"self":[{"href":"https:\/\/mabastide.de\/fr\/wp-json\/wp\/v2\/pages\/668","targetHints":{"allow":["GET"]}}],"collection":[{"href":"https:\/\/mabastide.de\/fr\/wp-json\/wp\/v2\/pages"}],"about":[{"href":"https:\/\/mabastide.de\/fr\/wp-json\/wp\/v2\/types\/page"}],"author":[{"embeddable":true,"href":"https:\/\/mabastide.de\/fr\/wp-json\/wp\/v2\/users\/1"}],"replies":[{"embeddable":true,"href":"https:\/\/mabastide.de\/fr\/wp-json\/wp\/v2\/comments?post=668"}],"version-history":[{"count":5,"href":"https:\/\/mabastide.de\/fr\/wp-json\/wp\/v2\/pages\/668\/revisions"}],"predecessor-version":[{"id":673,"href":"https:\/\/mabastide.de\/fr\/wp-json\/wp\/v2\/pages\/668\/revisions\/673"}],"wp:attachment":[{"href":"https:\/\/mabastide.de\/fr\/wp-json\/wp\/v2\/media?parent=668"}],"curies":[{"name":"wp","href":"https:\/\/api.w.org\/{rel}","templated":true}]}}