{"id":659,"date":"2023-12-22T10:58:57","date_gmt":"2023-12-22T10:58:57","guid":{"rendered":"http:\/\/dev.mabastide.de\/la-maison\/"},"modified":"2024-04-06T08:33:46","modified_gmt":"2024-04-06T08:33:46","slug":"la-maison","status":"publish","type":"page","link":"https:\/\/mabastide.de\/fr\/la-maison\/","title":{"rendered":"La maison"},"content":{"rendered":"<div id='full_slider_1'  class='avia-fullwidth-slider main_color avia-shadow   avia-builder-el-0  el_before_av_section  avia-builder-el-first   container_wrap fullsize'  >\n<style type=\"text\/css\" data-created_by=\"avia_inline_auto\" id=\"style-css-av-lqgiqx5e-58bbfd9c576534a8e2244ed018b9ef10\">\n#top #wrap_all .avia-slideshow .av-slideshow-caption.av-lqgiqx5e-58bbfd9c576534a8e2244ed018b9ef10__0 .avia-caption-title{\nfont-size:70px;\ncolor:#e8e8e8;\n}\n<\/style>\n<div  class='avia-slideshow av-lqgiqx5e-58bbfd9c576534a8e2244ed018b9ef10 avia-slideshow-featured av_slideshow_full avia-slide-slider av-slideshow-ui av-control-hidden av-no-slider-navigation av-hide-nav-arrows av-slideshow-manual av-loop-once av-loop-manual-endless av-default-height-applied   avia-slideshow-1' data-slideshow-options=\"{&quot;animation&quot;:&quot;slide&quot;,&quot;autoplay&quot;:false,&quot;loop_autoplay&quot;:&quot;once&quot;,&quot;interval&quot;:5,&quot;loop_manual&quot;:&quot;manual-endless&quot;,&quot;autoplay_stopper&quot;:false,&quot;noNavigation&quot;:true,&quot;bg_slider&quot;:false,&quot;keep_padding&quot;:false,&quot;hoverpause&quot;:false,&quot;show_slide_delay&quot;:0}\"  itemprop=\"image\" itemscope=\"itemscope\" itemtype=\"https:\/\/schema.org\/ImageObject\" ><ul class='avia-slideshow-inner ' style='padding-bottom: 28.678304239401%;'><li  class='avia-slideshow-slide av-lqgiqx5e-58bbfd9c576534a8e2244ed018b9ef10__0  av-single-slide slide-1 slide-odd'><div data-rel='slideshow-1' class='avia-slide-wrap '   ><img decoding=\"async\" fetchpriority=\"high\" class=\"wp-image-717 avia-img-lazy-loading-not-717\"  src=\"https:\/\/mabastide.de\/wp-content\/uploads\/2024\/01\/Das-Haus-1.jpg\" width=\"1203\" height=\"345\" title='Das Haus' alt=''  itemprop=\"thumbnailUrl\" srcset=\"https:\/\/mabastide.de\/wp-content\/uploads\/2024\/01\/Das-Haus-1.jpg 1203w, https:\/\/mabastide.de\/wp-content\/uploads\/2024\/01\/Das-Haus-1-300x86.jpg 300w, https:\/\/mabastide.de\/wp-content\/uploads\/2024\/01\/Das-Haus-1-1030x295.jpg 1030w, https:\/\/mabastide.de\/wp-content\/uploads\/2024\/01\/Das-Haus-1-768x220.jpg 768w, https:\/\/mabastide.de\/wp-content\/uploads\/2024\/01\/Das-Haus-1-705x202.jpg 705w\" sizes=\"(max-width: 1203px) 100vw, 1203px\" \/><\/div><\/li><\/ul><\/div><\/div>\n<div id='av_section_1'  class='avia-section av-t0lzb-5b59bfce58f6e82312c4916ec7e606df main_color avia-section-default avia-no-border-styling  avia-builder-el-1  el_after_av_slideshow_full  el_before_av_section  avia-bg-style-scroll container_wrap fullsize'  ><div class='container av-section-cont-open' ><div class='template-page content  av-content-full alpha units'><div class='post-entry post-entry-type-page post-entry-659'><div class='entry-content-wrapper clearfix'>\n<div  class='flex_column av-t1qvj-3c82a2adfe19ca9ee937de7fdfd7bfbc av_one_full  avia-builder-el-2  el_before_av_one_half  avia-builder-el-first  first flex_column_div  '     ><section  class='av_textblock_section av-lqgjbgs9-dd1b5f8315f8e3f7e58ddfb40dce08d5 '   itemscope=\"itemscope\" itemtype=\"https:\/\/schema.org\/CreativeWork\" ><div class='avia_textblock'  itemprop=\"text\" ><h1 style=\"text-align: center;\">La maison<\/h1>\n<p style=\"text-align: center;\">Vous trouverez ici des informations g\u00e9n\u00e9rales sur notre maison de vacances et une liste des \u00e9quipements. Si vous avez d&rsquo;autres questions concernant l&rsquo;\u00e9quipement, n&rsquo;h\u00e9sitez pas \u00e0 nous <a href=\"https:\/\/mabastide.de\/fr\/contact\/\">contacter<\/a>.<\/p>\n<\/div><\/section><\/div><div  class='flex_column av-lxf93-f886d90077ad13d9419b5d9b6afd38dd av_one_half  avia-builder-el-4  el_after_av_one_full  el_before_av_one_half  first flex_column_div  column-top-margin'     ><section  class='av_textblock_section av-lqgjf2wn-73a497ab2de84844cbbb956da5fe23d6 '   itemscope=\"itemscope\" itemtype=\"https:\/\/schema.org\/CreativeWork\" ><div class='avia_textblock'  itemprop=\"text\" ><h2>Informations sur la maison<\/h2>\n<p>Informations g\u00e9n\u00e9rales sur notre maison de campagne<\/p>\n<ul>\n<li>150 m\u00b2 de surface habitable, 2600 m\u00b2 de jardin<\/li>\n<li>Carport pour deux voitures<\/li>\n<li>4 chambres \u00e0 coucher avec climatisation<\/li>\n<li>Grand espace cuisine avec salle \u00e0 manger attenante<\/li>\n<li>Salon confortable avec Smart-TV<\/li>\n<li>Deux salles de bain<\/li>\n<li>Terrasse avec barbecue et vue sur le jardin<\/li>\n<li>Piscine priv\u00e9e avec chaises longues et parasols<\/li>\n<li>Wifi gratuit<\/li>\n<\/ul>\n<\/div><\/section><\/div><div  class='flex_column av-ko5mf-f567bc1bc03d9e6e6d58001e5d82aaee av_one_half  avia-builder-el-6  el_after_av_one_half  avia-builder-el-last  flex_column_div  column-top-margin'     ><section  class='av_textblock_section av-cvyfj-ad827c1ae86c84ff0e0275ae3119d3ee '   itemscope=\"itemscope\" itemtype=\"https:\/\/schema.org\/CreativeWork\" ><div class='avia_textblock'  itemprop=\"text\" ><h2>Chambres \u00e0 coucher<\/h2>\n<p>Toutes les chambres sont \u00e9quip\u00e9es de la climatisation.<\/p>\n<ul>\n<li>chambre 1 : lit queen-size (160 x 200 cm)<\/li>\n<li>chambre 2 : lits superpos\u00e9s pour trois enfants (90 x 200 cm)<\/li>\n<li>chambre 3 : lit double (140 x 200 cm)<\/li>\n<li>chambre 4 : lit queen-size (160 x 200 cm)<\/li>\n<\/ul>\n<\/div><\/section><\/div><\/div><\/div><\/div><!-- close content main div --><\/div><\/div>\n<style type=\"text\/css\" data-created_by=\"avia_inline_auto\" id=\"style-css-av-lqgjbmyr-cb7cb6b739a6265ec81b51f37d839a71\">\n.avia-section.av-lqgjbmyr-cb7cb6b739a6265ec81b51f37d839a71{\nbackground-repeat:no-repeat;\nbackground-image:url(https:\/\/mabastide.de\/wp-content\/uploads\/2024\/04\/747C-Route-de-Sainte-Rodeline-Les-Arcs-Sur-Argens-63.jpg);\nbackground-position:50% 50%;\nbackground-attachment:fixed;\n}\n<\/style>\n<div id='av_section_2'  class='avia-section av-lqgjbmyr-cb7cb6b739a6265ec81b51f37d839a71 main_color avia-section-default avia-no-border-styling  avia-builder-el-8  el_after_av_section  el_before_av_section  avia-full-stretch avia-bg-style-fixed av-minimum-height av-minimum-height-50 av-height-50  container_wrap fullsize'  data-section-bg-repeat='stretch' data-av_minimum_height_pc='50' data-av_min_height_opt='50'><div class='container av-section-cont-open' ><div class='template-page content  av-content-full alpha units'><div class='post-entry post-entry-type-page post-entry-659'><div class='entry-content-wrapper clearfix'><\/p>\n<\/div><\/div><\/div><!-- close content main div --><\/div><\/div><div id='av_section_3'  class='avia-section av-lqgm4zqt-ec24824901b45cf30121b88bc9effe69 main_color avia-section-default avia-no-border-styling  avia-builder-el-9  el_after_av_section  avia-builder-el-last  avia-bg-style-scroll container_wrap fullsize'  ><div class='container av-section-cont-open' ><div class='template-page content  av-content-full alpha units'><div class='post-entry post-entry-type-page post-entry-659'><div class='entry-content-wrapper clearfix'>\n<div  class='flex_column av-9c8fr-d405ec8926a647b8917b7d921e6f4b37 av_one_half  avia-builder-el-10  el_before_av_one_half  avia-builder-el-first  first flex_column_div  '     ><section  class='av_textblock_section av-lqgm5fal-9b4c65903907d7c41a96a23c0b87f4ad '   itemscope=\"itemscope\" itemtype=\"https:\/\/schema.org\/CreativeWork\" ><div class='avia_textblock'  itemprop=\"text\" ><h2>\u00c9quipement<\/h2>\n<p>Vous trouverez l&rsquo;\u00e9quipement suivant dans notre maison de vacances:<\/p>\n<ul>\n<li>Machine \u00e0 laver<\/li>\n<li>Lave-vaisselle<\/li>\n<li>Lit de voyage pour enfant, chaise haute IKEA, vaisselle pour enfant<\/li>\n<li>Four \u00e0 micro-ondes<\/li>\n<li>machine \u00e0 caf\u00e9 Nespresso<\/li>\n<li>Serviettes de bain<\/li>\n<li>Linge de lit<\/li>\n<li>Smart TV avec Netflix<\/li>\n<li>Chaises longues de piscine avec parasols et coin salon de piscine<\/li>\n<li>Jeux de soci\u00e9t\u00e9, livres et puzzles<\/li>\n<\/ul>\n<\/div><\/section><\/div><div  class='flex_column av-9e7fb-7f010a19582385828ba88408916619fe av_one_half  avia-builder-el-12  el_after_av_one_half  avia-builder-el-last  flex_column_div  '     ><p>\n<style type=\"text\/css\" data-created_by=\"avia_inline_auto\" id=\"style-css-av-lqxr5g7h-cbf1be201665f5fc1e5889c50453cf6c\">\n#top .hr.hr-invisible.av-lqxr5g7h-cbf1be201665f5fc1e5889c50453cf6c{\nheight:40px;\n}\n<\/style>\n<div  class='hr av-lqxr5g7h-cbf1be201665f5fc1e5889c50453cf6c hr-invisible  avia-builder-el-13  el_before_av_textblock  avia-builder-el-first '><span class='hr-inner '><span class=\"hr-inner-style\"><\/span><\/span><\/div><br \/>\n<section  class='av_textblock_section av-lqxr4dif-8194ca2f9923c40e30260e649d3378d0 '   itemscope=\"itemscope\" itemtype=\"https:\/\/schema.org\/CreativeWork\" ><div class='avia_textblock'  itemprop=\"text\" ><p>Vous trouverez un aper\u00e7u d\u00e9taill\u00e9 de notre maison de vacances dans notre galerie. <a href=\"https:\/\/mabastide.de\/fr\/galerie\/\">\u2192 C&rsquo;est par ici.<\/a><\/p>\n<\/div><\/section><\/p><\/div>\n","protected":false},"excerpt":{"rendered":"","protected":false},"author":1,"featured_media":0,"parent":0,"menu_order":0,"comment_status":"closed","ping_status":"closed","template":"","meta":{"footnotes":""},"class_list":["post-659","page","type-page","status-publish","hentry"],"yoast_head":"<!-- This site is optimized with the Yoast SEO plugin v26.9 - https:\/\/yoast.com\/product\/yoast-seo-wordpress\/ -->\n<title>La maison - La Bastide<\/title>\n<meta name=\"robots\" content=\"index, follow, max-snippet:-1, max-image-preview:large, max-video-preview:-1\" \/>\n<link rel=\"canonical\" href=\"https:\/\/mabastide.de\/fr\/la-maison\/\" \/>\n<meta property=\"og:locale\" content=\"fr_FR\" \/>\n<meta property=\"og:type\" content=\"article\" \/>\n<meta property=\"og:title\" content=\"La maison - La Bastide\" \/>\n<meta property=\"og:url\" content=\"https:\/\/mabastide.de\/fr\/la-maison\/\" \/>\n<meta property=\"og:site_name\" content=\"La Bastide\" \/>\n<meta property=\"article:modified_time\" content=\"2024-04-06T08:33:46+00:00\" \/>\n<meta name=\"twitter:card\" content=\"summary_large_image\" \/>\n<meta name=\"twitter:label1\" content=\"Dur\u00e9e de lecture estim\u00e9e\" \/>\n\t<meta name=\"twitter:data1\" content=\"22 minutes\" \/>\n<script type=\"application\/ld+json\" class=\"yoast-schema-graph\">{\"@context\":\"https:\/\/schema.org\",\"@graph\":[{\"@type\":\"WebPage\",\"@id\":\"https:\/\/mabastide.de\/fr\/la-maison\/\",\"url\":\"https:\/\/mabastide.de\/fr\/la-maison\/\",\"name\":\"La maison - La Bastide\",\"isPartOf\":{\"@id\":\"https:\/\/mabastide.de\/fr\/#website\"},\"datePublished\":\"2023-12-22T10:58:57+00:00\",\"dateModified\":\"2024-04-06T08:33:46+00:00\",\"breadcrumb\":{\"@id\":\"https:\/\/mabastide.de\/fr\/la-maison\/#breadcrumb\"},\"inLanguage\":\"fr-FR\",\"potentialAction\":[{\"@type\":\"ReadAction\",\"target\":[\"https:\/\/mabastide.de\/fr\/la-maison\/\"]}]},{\"@type\":\"BreadcrumbList\",\"@id\":\"https:\/\/mabastide.de\/fr\/la-maison\/#breadcrumb\",\"itemListElement\":[{\"@type\":\"ListItem\",\"position\":1,\"name\":\"Startseite\",\"item\":\"https:\/\/mabastide.de\/fr\/start\/\"},{\"@type\":\"ListItem\",\"position\":2,\"name\":\"La maison\"}]},{\"@type\":\"WebSite\",\"@id\":\"https:\/\/mabastide.de\/fr\/#website\",\"url\":\"https:\/\/mabastide.de\/fr\/\",\"name\":\"La Bastide Ferienhaus Frankreich\",\"description\":\"Farmhaus Frankreich\",\"publisher\":{\"@id\":\"https:\/\/mabastide.de\/fr\/#organization\"},\"potentialAction\":[{\"@type\":\"SearchAction\",\"target\":{\"@type\":\"EntryPoint\",\"urlTemplate\":\"https:\/\/mabastide.de\/fr\/?s={search_term_string}\"},\"query-input\":{\"@type\":\"PropertyValueSpecification\",\"valueRequired\":true,\"valueName\":\"search_term_string\"}}],\"inLanguage\":\"fr-FR\"},{\"@type\":\"Organization\",\"@id\":\"https:\/\/mabastide.de\/fr\/#organization\",\"name\":\"La Bastide\",\"url\":\"https:\/\/mabastide.de\/fr\/\",\"logo\":{\"@type\":\"ImageObject\",\"inLanguage\":\"fr-FR\",\"@id\":\"https:\/\/mabastide.de\/fr\/#\/schema\/logo\/image\/\",\"url\":\"https:\/\/mabastide.de\/wp-content\/uploads\/2023\/12\/Logo-1.png\",\"contentUrl\":\"https:\/\/mabastide.de\/wp-content\/uploads\/2023\/12\/Logo-1.png\",\"width\":500,\"height\":500,\"caption\":\"La Bastide\"},\"image\":{\"@id\":\"https:\/\/mabastide.de\/fr\/#\/schema\/logo\/image\/\"},\"sameAs\":[\"https:\/\/www.instagram.com\/ma.bastide\/\"]}]}<\/script>\n<!-- \/ Yoast SEO plugin. -->","yoast_head_json":{"title":"La maison - La Bastide","robots":{"index":"index","follow":"follow","max-snippet":"max-snippet:-1","max-image-preview":"max-image-preview:large","max-video-preview":"max-video-preview:-1"},"canonical":"https:\/\/mabastide.de\/fr\/la-maison\/","og_locale":"fr_FR","og_type":"article","og_title":"La maison - La Bastide","og_url":"https:\/\/mabastide.de\/fr\/la-maison\/","og_site_name":"La Bastide","article_modified_time":"2024-04-06T08:33:46+00:00","twitter_card":"summary_large_image","twitter_misc":{"Dur\u00e9e de lecture estim\u00e9e":"22 minutes"},"schema":{"@context":"https:\/\/schema.org","@graph":[{"@type":"WebPage","@id":"https:\/\/mabastide.de\/fr\/la-maison\/","url":"https:\/\/mabastide.de\/fr\/la-maison\/","name":"La maison - La Bastide","isPartOf":{"@id":"https:\/\/mabastide.de\/fr\/#website"},"datePublished":"2023-12-22T10:58:57+00:00","dateModified":"2024-04-06T08:33:46+00:00","breadcrumb":{"@id":"https:\/\/mabastide.de\/fr\/la-maison\/#breadcrumb"},"inLanguage":"fr-FR","potentialAction":[{"@type":"ReadAction","target":["https:\/\/mabastide.de\/fr\/la-maison\/"]}]},{"@type":"BreadcrumbList","@id":"https:\/\/mabastide.de\/fr\/la-maison\/#breadcrumb","itemListElement":[{"@type":"ListItem","position":1,"name":"Startseite","item":"https:\/\/mabastide.de\/fr\/start\/"},{"@type":"ListItem","position":2,"name":"La maison"}]},{"@type":"WebSite","@id":"https:\/\/mabastide.de\/fr\/#website","url":"https:\/\/mabastide.de\/fr\/","name":"La Bastide Ferienhaus Frankreich","description":"Farmhaus Frankreich","publisher":{"@id":"https:\/\/mabastide.de\/fr\/#organization"},"potentialAction":[{"@type":"SearchAction","target":{"@type":"EntryPoint","urlTemplate":"https:\/\/mabastide.de\/fr\/?s={search_term_string}"},"query-input":{"@type":"PropertyValueSpecification","valueRequired":true,"valueName":"search_term_string"}}],"inLanguage":"fr-FR"},{"@type":"Organization","@id":"https:\/\/mabastide.de\/fr\/#organization","name":"La Bastide","url":"https:\/\/mabastide.de\/fr\/","logo":{"@type":"ImageObject","inLanguage":"fr-FR","@id":"https:\/\/mabastide.de\/fr\/#\/schema\/logo\/image\/","url":"https:\/\/mabastide.de\/wp-content\/uploads\/2023\/12\/Logo-1.png","contentUrl":"https:\/\/mabastide.de\/wp-content\/uploads\/2023\/12\/Logo-1.png","width":500,"height":500,"caption":"La Bastide"},"image":{"@id":"https:\/\/mabastide.de\/fr\/#\/schema\/logo\/image\/"},"sameAs":["https:\/\/www.instagram.com\/ma.bastide\/"]}]}},"_links":{"self":[{"href":"https:\/\/mabastide.de\/fr\/wp-json\/wp\/v2\/pages\/659","targetHints":{"allow":["GET"]}}],"collection":[{"href":"https:\/\/mabastide.de\/fr\/wp-json\/wp\/v2\/pages"}],"about":[{"href":"https:\/\/mabastide.de\/fr\/wp-json\/wp\/v2\/types\/page"}],"author":[{"embeddable":true,"href":"https:\/\/mabastide.de\/fr\/wp-json\/wp\/v2\/users\/1"}],"replies":[{"embeddable":true,"href":"https:\/\/mabastide.de\/fr\/wp-json\/wp\/v2\/comments?post=659"}],"version-history":[{"count":15,"href":"https:\/\/mabastide.de\/fr\/wp-json\/wp\/v2\/pages\/659\/revisions"}],"predecessor-version":[{"id":943,"href":"https:\/\/mabastide.de\/fr\/wp-json\/wp\/v2\/pages\/659\/revisions\/943"}],"wp:attachment":[{"href":"https:\/\/mabastide.de\/fr\/wp-json\/wp\/v2\/media?parent=659"}],"curies":[{"name":"wp","href":"https:\/\/api.w.org\/{rel}","templated":true}]}}