{"id":656,"date":"2023-12-08T10:32:17","date_gmt":"2023-12-08T10:32:17","guid":{"rendered":"http:\/\/dev.mabastide.de\/start\/"},"modified":"2024-04-06T08:59:37","modified_gmt":"2024-04-06T08:59:37","slug":"start","status":"publish","type":"page","link":"https:\/\/mabastide.de\/fr\/","title":{"rendered":"Start"},"content":{"rendered":"<div id='full_slider_1'  class='avia-fullwidth-slider main_color avia-shadow av-medium-hide  avia-builder-el-0  el_before_av_section  avia-builder-el-first   container_wrap fullsize'  ><div  class='avia-slideshow av-lqglyar1-658ecbc400153aef4ca9edd0d97af410 avia-slideshow-featured av_slideshow_full avia-fade-slider av-medium-hide av-slideshow-ui av-control-hidden av-no-slider-navigation av-hide-nav-arrows av-slideshow-autoplay av-loop-endless av-loop-manual-endless av-default-height-applied   avia-slideshow-1' data-slideshow-options=\"{&quot;animation&quot;:&quot;fade&quot;,&quot;autoplay&quot;:true,&quot;loop_autoplay&quot;:&quot;endless&quot;,&quot;interval&quot;:7,&quot;loop_manual&quot;:&quot;manual-endless&quot;,&quot;autoplay_stopper&quot;:false,&quot;noNavigation&quot;:true,&quot;bg_slider&quot;:false,&quot;transitionSpeed&quot;:1000,&quot;keep_padding&quot;:false,&quot;hoverpause&quot;:false,&quot;show_slide_delay&quot;:0}\"  itemprop=\"image\" itemscope=\"itemscope\" itemtype=\"https:\/\/schema.org\/ImageObject\" ><ul class='avia-slideshow-inner ' style='padding-bottom: 28.666666666667%;'><li  class='avia-slideshow-slide av-lqglyar1-658ecbc400153aef4ca9edd0d97af410__0  slide-1 slide-odd'><div data-rel='slideshow-1' class='avia-slide-wrap '   ><img decoding=\"async\" fetchpriority=\"high\" class=\"wp-image-914 avia-img-lazy-loading-not-914\"  src=\"https:\/\/mabastide.de\/wp-content\/uploads\/2024\/04\/Slider.jpg\" width=\"1500\" height=\"430\" title='Slider' alt=''  itemprop=\"thumbnailUrl\" srcset=\"https:\/\/mabastide.de\/wp-content\/uploads\/2024\/04\/Slider.jpg 1500w, https:\/\/mabastide.de\/wp-content\/uploads\/2024\/04\/Slider-300x86.jpg 300w, https:\/\/mabastide.de\/wp-content\/uploads\/2024\/04\/Slider-1030x295.jpg 1030w, https:\/\/mabastide.de\/wp-content\/uploads\/2024\/04\/Slider-768x220.jpg 768w, https:\/\/mabastide.de\/wp-content\/uploads\/2024\/04\/Slider-705x202.jpg 705w\" sizes=\"(max-width: 1500px) 100vw, 1500px\" \/><\/div><\/li><li  class='avia-slideshow-slide av-lqglyar1-658ecbc400153aef4ca9edd0d97af410__1  slide-2 slide-even'><div data-rel='slideshow-1' class='avia-slide-wrap '   ><img decoding=\"async\" fetchpriority=\"high\" class=\"wp-image-222 avia-img-lazy-loading-not-222\"  src=\"https:\/\/mabastide.de\/wp-content\/uploads\/2023\/12\/Slider-4-1500x430.jpg\" width=\"1500\" height=\"430\" title='Slider 4' alt=''  itemprop=\"thumbnailUrl\"   \/><\/div><\/li><li  class='avia-slideshow-slide av-lqglyar1-658ecbc400153aef4ca9edd0d97af410__2  slide-3 slide-odd'><div data-rel='slideshow-1' class='avia-slide-wrap '   ><img decoding=\"async\" fetchpriority=\"high\" class=\"wp-image-218 avia-img-lazy-loading-not-218\"  src=\"https:\/\/mabastide.de\/wp-content\/uploads\/2023\/12\/Slider-2-1500x430.jpg\" width=\"1500\" height=\"430\" title='Slider 2' alt=''  itemprop=\"thumbnailUrl\"   \/><\/div><\/li><li  class='avia-slideshow-slide av-lqglyar1-658ecbc400153aef4ca9edd0d97af410__3  slide-4 slide-even'><div data-rel='slideshow-1' class='avia-slide-wrap '   ><img decoding=\"async\" fetchpriority=\"high\" class=\"wp-image-489 avia-img-lazy-loading-not-489\"  src=\"https:\/\/mabastide.de\/wp-content\/uploads\/2024\/01\/Slider-6-1500x430.jpg\" width=\"1500\" height=\"430\" title='Slider 6' alt=''  itemprop=\"thumbnailUrl\"   \/><\/div><\/li><li  class='avia-slideshow-slide av-lqglyar1-658ecbc400153aef4ca9edd0d97af410__4  slide-5 slide-odd'><div data-rel='slideshow-1' class='avia-slide-wrap '   ><img decoding=\"async\" fetchpriority=\"high\" class=\"wp-image-220 avia-img-lazy-loading-not-220\"  src=\"https:\/\/mabastide.de\/wp-content\/uploads\/2023\/12\/Slider-3-1500x430.jpg\" width=\"1500\" height=\"430\" title='Slider 3' alt=''  itemprop=\"thumbnailUrl\"   \/><\/div><\/li><\/ul><div class='avia-slideshow-arrows avia-slideshow-controls' ><a href='#prev' class='prev-slide  avia-svg-icon avia-font-svg_entypo-fontello' data-av_svg_icon='left-open-big' data-av_iconset='svg_entypo-fontello' tabindex='-1' title=\"Pr\u00e9c\u00e9dent\"><svg version=\"1.1\" xmlns=\"http:\/\/www.w3.org\/2000\/svg\" width=\"15\" height=\"32\" viewBox=\"0 0 15 32\" preserveAspectRatio=\"xMidYMid meet\" aria-labelledby='av-svg-title-1' aria-describedby='av-svg-desc-1' role=\"graphics-symbol\" aria-hidden=\"true\">\n<title id='av-svg-title-1'>Pr\u00e9c\u00e9dent<\/title>\n<desc id='av-svg-desc-1'>Pr\u00e9c\u00e9dent<\/desc>\n<path d=\"M14.464 27.84q0.832 0.832 0 1.536-0.832 0.832-1.536 0l-12.544-12.608q-0.768-0.768 0-1.6l12.544-12.608q0.704-0.832 1.536 0 0.832 0.704 0 1.536l-11.456 11.904z\"><\/path>\n<\/svg><span class='avia_hidden_link_text'>Pr\u00e9c\u00e9dent<\/span><\/a><a href='#next' class='next-slide  avia-svg-icon avia-font-svg_entypo-fontello' data-av_svg_icon='right-open-big' data-av_iconset='svg_entypo-fontello' tabindex='-1' title=\"Suivant\"><svg version=\"1.1\" xmlns=\"http:\/\/www.w3.org\/2000\/svg\" width=\"15\" height=\"32\" viewBox=\"0 0 15 32\" preserveAspectRatio=\"xMidYMid meet\" aria-labelledby='av-svg-title-2' aria-describedby='av-svg-desc-2' role=\"graphics-symbol\" aria-hidden=\"true\">\n<title id='av-svg-title-2'>Suivant<\/title>\n<desc id='av-svg-desc-2'>Suivant<\/desc>\n<path d=\"M0.416 27.84l11.456-11.84-11.456-11.904q-0.832-0.832 0-1.536 0.832-0.832 1.536 0l12.544 12.608q0.768 0.832 0 1.6l-12.544 12.608q-0.704 0.832-1.536 0-0.832-0.704 0-1.536z\"><\/path>\n<\/svg><span class='avia_hidden_link_text'>Suivant<\/span><\/a><\/div><\/div><\/div>\n<div id='av_section_1'  class='avia-section av-3wu6-d0218512ffeff5e6f44b3ed226376f35 main_color avia-section-default avia-no-border-styling  avia-builder-el-1  el_after_av_slideshow_full  el_before_av_section  avia-bg-style-scroll container_wrap fullsize'  ><div class='container av-section-cont-open' ><div class='template-page content  av-content-full alpha units'><div class='post-entry post-entry-type-page post-entry-656'><div class='entry-content-wrapper clearfix'>\n\n<style type=\"text\/css\" data-created_by=\"avia_inline_auto\" id=\"style-css-av-2mru-4921d58996e355e0c7ee80bf286bd580\">\n.flex_column.av-2mru-4921d58996e355e0c7ee80bf286bd580{\npadding:20px 20px 0 20px;\n}\n<\/style>\n<div  class='flex_column av-2mru-4921d58996e355e0c7ee80bf286bd580 av_one_full  avia-builder-el-2  avia-builder-el-no-sibling  first flex_column_div  '     ><section  class='av_textblock_section av-lpwiwbxz-6e141b2709f413131a8cf12e7017755f '   itemscope=\"itemscope\" itemtype=\"https:\/\/schema.org\/CreativeWork\" ><div class='avia_textblock'  itemprop=\"text\" ><h1 style=\"text-align: center;\"><span data-sheets-root=\"1\" data-sheets-value=\"{\" data-sheets-userformat=\"{\">Bienvenue \u00e0<br \/>\n&lsquo;La Bastide&rsquo;<\/span><\/h1>\n<p style=\"text-align: center;\">Bienvenue dans notre maison de vacances Notre maison est une ancienne bastide d&rsquo;environ 250 ans. Elle est situ\u00e9e dans un quartier r\u00e9sidentiel calme, \u00e0 proximit\u00e9 de la ville m\u00e9di\u00e9vale Les Arcs sur Argens. <a href=\"https:\/\/mabastide.de\/fr\/la-maison\/\">L&rsquo;ancienne \u00e9table \u00e0 vaches<\/a> est aujourd&rsquo;hui notre belle salle \u00e0 manger aux \u00e9pais murs de pierre. Un jardin de 2.600m\u00b2 rempli d&rsquo;oliviers, de figuiers et de m\u00fbriers fait partie de la propri\u00e9t\u00e9. La maison a une superficie de 150m2 et dispose de 4 chambres pouvant accueillir 8 personnes. Il y a deux salles de bain. Notre charmante bastide de style proven\u00e7al traditionnel vous attend avec toutes les commodit\u00e9s.<\/p>\n<p style=\"text-align: center;\">\n<\/div><\/section><\/div>\n\n<\/div><\/div><\/div><!-- close content main div --><\/div><\/div>\n<style type=\"text\/css\" data-created_by=\"avia_inline_auto\" id=\"style-css-av-lpwjalqf-30ebddeccc11c641a48d800651752f4f\">\n.avia-section.av-lpwjalqf-30ebddeccc11c641a48d800651752f4f{\nbackground-repeat:no-repeat;\nbackground-image:url(https:\/\/mabastide.de\/wp-content\/uploads\/2023\/12\/94C2530C-6484-4281-ACCD-7E8BCA70B42B.jpg);\nbackground-position:50% 50%;\nbackground-attachment:fixed;\n}\n<\/style>\n<div id='av_section_2'  class='avia-section av-lpwjalqf-30ebddeccc11c641a48d800651752f4f alternate_color avia-section-default avia-no-border-styling  avia-builder-el-4  el_after_av_section  el_before_av_one_full  avia-full-stretch avia-bg-style-fixed av-minimum-height av-minimum-height-50 av-height-50  container_wrap fullsize'  data-section-bg-repeat='stretch' data-av_minimum_height_pc='50' data-av_min_height_opt='50'><div class='container av-section-cont-open' ><div class='template-page content  av-content-full alpha units'><div class='post-entry post-entry-type-page post-entry-656'><div class='entry-content-wrapper clearfix'><\/div><\/div><\/div><!-- close content main div --><\/div><\/div><div id='after_section_2'  class='main_color av_default_container_wrap container_wrap fullsize'  ><div class='container av-section-cont-open' ><div class='template-page content  av-content-full alpha units'><div class='post-entry post-entry-type-page post-entry-656'><div class='entry-content-wrapper clearfix'>\n\n<style type=\"text\/css\" data-created_by=\"avia_inline_auto\" id=\"style-css-av-okie-f652d870f9737a04b2314a9be12296cc\">\n.flex_column.av-okie-f652d870f9737a04b2314a9be12296cc{\npadding:20px 20px 0 20px;\n}\n<\/style>\n<div  class='flex_column av-okie-f652d870f9737a04b2314a9be12296cc av_one_full  avia-builder-el-5  el_after_av_section  avia-builder-el-no-sibling  first flex_column_div  '     ><section  class='av_textblock_section av-lpwhusex-354c9406ee4a8476a997732e776edf70 '   itemscope=\"itemscope\" itemtype=\"https:\/\/schema.org\/CreativeWork\" ><div class='avia_textblock'  itemprop=\"text\" ><p style=\"text-align: center;\">La cuisine est tr\u00e8s bien \u00e9quip\u00e9e pour pr\u00e9parer des repas pour toute la famille. Sur la terrasse, un barbecue au charbon de bois et un grand barbecue au gaz sont \u00e0 disposition. Dans notre piscine enti\u00e8rement prot\u00e9g\u00e9e des regards et chauff\u00e9e, vous pouvez vous baigner sans \u00eatre d\u00e9rang\u00e9 et vous reposer \u00e0 l&rsquo;ombre des grands parasols. La piscine est cl\u00f4tur\u00e9e pour la protection des enfants. Un carport spacieux offre de la place et de l&rsquo;ombre pour deux voitures. D\u00e9couvrez le charme et toutes les commodit\u00e9s de notre accueillante maison de vacances !<\/p>\n<p style=\"text-align: center;\">Depuis notre terrasse, vous avez une vue imprenable sur les vignobles et les oliveraies. Profitez du bourdonnement des abeilles et du parfum de la lavande. Plongez dans la piscine ou d\u00e9tendez-vous sur notre terrasse sous un vieil olivier. <a href=\"https:\/\/mabastide.de\/fr\/emplacement\/\">Les environs<\/a> vous invitent \u00e0 faire des promenades \u00e0 pied ou \u00e0 v\u00e9lo \u00e0 travers les magnifiques vignobles. La Bastide est l&rsquo;endroit id\u00e9al pour s&rsquo;\u00e9vader du quotidien. Profitez du sud de la France dans le confort de notre maison accueillante et bien \u00e9quip\u00e9e.<\/p>\n<p style=\"text-align: center;\"><a href=\"https:\/\/mabastide.de\/fr\/les-prix\/\">R\u00e9servez vos vacances d\u00e8s aujourd&rsquo;hui.<\/a><\/p>\n<\/div><\/section><\/div>\n","protected":false},"excerpt":{"rendered":"","protected":false},"author":1,"featured_media":0,"parent":0,"menu_order":0,"comment_status":"closed","ping_status":"closed","template":"","meta":{"footnotes":""},"class_list":["post-656","page","type-page","status-publish","hentry"],"yoast_head":"<!-- This site is optimized with the Yoast SEO plugin v26.9 - https:\/\/yoast.com\/product\/yoast-seo-wordpress\/ -->\n<title>Start - La Bastide<\/title>\n<meta name=\"robots\" content=\"index, follow, max-snippet:-1, max-image-preview:large, max-video-preview:-1\" \/>\n<link rel=\"canonical\" href=\"https:\/\/mabastide.de\/fr\/\" \/>\n<meta property=\"og:locale\" content=\"fr_FR\" \/>\n<meta property=\"og:type\" content=\"article\" \/>\n<meta property=\"og:title\" content=\"Start - La Bastide\" \/>\n<meta property=\"og:url\" content=\"https:\/\/mabastide.de\/fr\/\" \/>\n<meta property=\"og:site_name\" content=\"La Bastide\" \/>\n<meta property=\"article:modified_time\" content=\"2024-04-06T08:59:37+00:00\" \/>\n<meta name=\"twitter:card\" content=\"summary_large_image\" \/>\n<meta name=\"twitter:label1\" content=\"Dur\u00e9e de lecture estim\u00e9e\" \/>\n\t<meta name=\"twitter:data1\" content=\"14 minutes\" \/>\n<script type=\"application\/ld+json\" class=\"yoast-schema-graph\">{\"@context\":\"https:\/\/schema.org\",\"@graph\":[{\"@type\":\"WebPage\",\"@id\":\"https:\/\/mabastide.de\/fr\/\",\"url\":\"https:\/\/mabastide.de\/fr\/\",\"name\":\"Start - La Bastide\",\"isPartOf\":{\"@id\":\"https:\/\/mabastide.de\/fr\/#website\"},\"datePublished\":\"2023-12-08T10:32:17+00:00\",\"dateModified\":\"2024-04-06T08:59:37+00:00\",\"breadcrumb\":{\"@id\":\"https:\/\/mabastide.de\/fr\/#breadcrumb\"},\"inLanguage\":\"fr-FR\",\"potentialAction\":[{\"@type\":\"ReadAction\",\"target\":[\"https:\/\/mabastide.de\/fr\/\"]}]},{\"@type\":\"BreadcrumbList\",\"@id\":\"https:\/\/mabastide.de\/fr\/#breadcrumb\",\"itemListElement\":[{\"@type\":\"ListItem\",\"position\":1,\"name\":\"Startseite\",\"item\":\"https:\/\/mabastide.de\/fr\/start\/\"},{\"@type\":\"ListItem\",\"position\":2,\"name\":\"Start\"}]},{\"@type\":\"WebSite\",\"@id\":\"https:\/\/mabastide.de\/fr\/#website\",\"url\":\"https:\/\/mabastide.de\/fr\/\",\"name\":\"La Bastide Ferienhaus Frankreich\",\"description\":\"Farmhaus Frankreich\",\"publisher\":{\"@id\":\"https:\/\/mabastide.de\/fr\/#organization\"},\"potentialAction\":[{\"@type\":\"SearchAction\",\"target\":{\"@type\":\"EntryPoint\",\"urlTemplate\":\"https:\/\/mabastide.de\/fr\/?s={search_term_string}\"},\"query-input\":{\"@type\":\"PropertyValueSpecification\",\"valueRequired\":true,\"valueName\":\"search_term_string\"}}],\"inLanguage\":\"fr-FR\"},{\"@type\":\"Organization\",\"@id\":\"https:\/\/mabastide.de\/fr\/#organization\",\"name\":\"La Bastide\",\"url\":\"https:\/\/mabastide.de\/fr\/\",\"logo\":{\"@type\":\"ImageObject\",\"inLanguage\":\"fr-FR\",\"@id\":\"https:\/\/mabastide.de\/fr\/#\/schema\/logo\/image\/\",\"url\":\"https:\/\/mabastide.de\/wp-content\/uploads\/2023\/12\/Logo-1.png\",\"contentUrl\":\"https:\/\/mabastide.de\/wp-content\/uploads\/2023\/12\/Logo-1.png\",\"width\":500,\"height\":500,\"caption\":\"La Bastide\"},\"image\":{\"@id\":\"https:\/\/mabastide.de\/fr\/#\/schema\/logo\/image\/\"},\"sameAs\":[\"https:\/\/www.instagram.com\/ma.bastide\/\"]}]}<\/script>\n<!-- \/ Yoast SEO plugin. -->","yoast_head_json":{"title":"Start - La Bastide","robots":{"index":"index","follow":"follow","max-snippet":"max-snippet:-1","max-image-preview":"max-image-preview:large","max-video-preview":"max-video-preview:-1"},"canonical":"https:\/\/mabastide.de\/fr\/","og_locale":"fr_FR","og_type":"article","og_title":"Start - La Bastide","og_url":"https:\/\/mabastide.de\/fr\/","og_site_name":"La Bastide","article_modified_time":"2024-04-06T08:59:37+00:00","twitter_card":"summary_large_image","twitter_misc":{"Dur\u00e9e de lecture estim\u00e9e":"14 minutes"},"schema":{"@context":"https:\/\/schema.org","@graph":[{"@type":"WebPage","@id":"https:\/\/mabastide.de\/fr\/","url":"https:\/\/mabastide.de\/fr\/","name":"Start - La Bastide","isPartOf":{"@id":"https:\/\/mabastide.de\/fr\/#website"},"datePublished":"2023-12-08T10:32:17+00:00","dateModified":"2024-04-06T08:59:37+00:00","breadcrumb":{"@id":"https:\/\/mabastide.de\/fr\/#breadcrumb"},"inLanguage":"fr-FR","potentialAction":[{"@type":"ReadAction","target":["https:\/\/mabastide.de\/fr\/"]}]},{"@type":"BreadcrumbList","@id":"https:\/\/mabastide.de\/fr\/#breadcrumb","itemListElement":[{"@type":"ListItem","position":1,"name":"Startseite","item":"https:\/\/mabastide.de\/fr\/start\/"},{"@type":"ListItem","position":2,"name":"Start"}]},{"@type":"WebSite","@id":"https:\/\/mabastide.de\/fr\/#website","url":"https:\/\/mabastide.de\/fr\/","name":"La Bastide Ferienhaus Frankreich","description":"Farmhaus Frankreich","publisher":{"@id":"https:\/\/mabastide.de\/fr\/#organization"},"potentialAction":[{"@type":"SearchAction","target":{"@type":"EntryPoint","urlTemplate":"https:\/\/mabastide.de\/fr\/?s={search_term_string}"},"query-input":{"@type":"PropertyValueSpecification","valueRequired":true,"valueName":"search_term_string"}}],"inLanguage":"fr-FR"},{"@type":"Organization","@id":"https:\/\/mabastide.de\/fr\/#organization","name":"La Bastide","url":"https:\/\/mabastide.de\/fr\/","logo":{"@type":"ImageObject","inLanguage":"fr-FR","@id":"https:\/\/mabastide.de\/fr\/#\/schema\/logo\/image\/","url":"https:\/\/mabastide.de\/wp-content\/uploads\/2023\/12\/Logo-1.png","contentUrl":"https:\/\/mabastide.de\/wp-content\/uploads\/2023\/12\/Logo-1.png","width":500,"height":500,"caption":"La Bastide"},"image":{"@id":"https:\/\/mabastide.de\/fr\/#\/schema\/logo\/image\/"},"sameAs":["https:\/\/www.instagram.com\/ma.bastide\/"]}]}},"_links":{"self":[{"href":"https:\/\/mabastide.de\/fr\/wp-json\/wp\/v2\/pages\/656","targetHints":{"allow":["GET"]}}],"collection":[{"href":"https:\/\/mabastide.de\/fr\/wp-json\/wp\/v2\/pages"}],"about":[{"href":"https:\/\/mabastide.de\/fr\/wp-json\/wp\/v2\/types\/page"}],"author":[{"embeddable":true,"href":"https:\/\/mabastide.de\/fr\/wp-json\/wp\/v2\/users\/1"}],"replies":[{"embeddable":true,"href":"https:\/\/mabastide.de\/fr\/wp-json\/wp\/v2\/comments?post=656"}],"version-history":[{"count":9,"href":"https:\/\/mabastide.de\/fr\/wp-json\/wp\/v2\/pages\/656\/revisions"}],"predecessor-version":[{"id":981,"href":"https:\/\/mabastide.de\/fr\/wp-json\/wp\/v2\/pages\/656\/revisions\/981"}],"wp:attachment":[{"href":"https:\/\/mabastide.de\/fr\/wp-json\/wp\/v2\/media?parent=656"}],"curies":[{"name":"wp","href":"https:\/\/api.w.org\/{rel}","templated":true}]}}